{"id":299,"date":"2022-04-21T22:43:30","date_gmt":"2022-04-21T22:43:30","guid":{"rendered":"https:\/\/jhongomez.com\/?page_id=299"},"modified":"2023-08-22T15:00:50","modified_gmt":"2023-08-22T20:00:50","slug":"noticias","status":"publish","type":"page","link":"https:\/\/jhongomez.com\/index.php\/noticias\/","title":{"rendered":"Noticias"},"content":{"rendered":"\t\t<div data-elementor-type=\"wp-page\" data-elementor-id=\"299\" class=\"elementor elementor-299\">\n\t\t\t\t\t\t<section class=\"elementor-section elementor-top-section elementor-element elementor-element-00f86d5 elementor-section-boxed elementor-section-height-default elementor-section-height-default\" data-id=\"00f86d5\" data-element_type=\"section\" data-e-type=\"section\">\n\t\t\t\t\t\t<div class=\"elementor-container elementor-column-gap-default\">\n\t\t\t\t\t<div class=\"elementor-column elementor-col-100 elementor-top-column elementor-element elementor-element-11e8404\" data-id=\"11e8404\" data-element_type=\"column\" data-e-type=\"column\">\n\t\t\t<div class=\"elementor-widget-wrap elementor-element-populated\">\n\t\t\t\t\t\t<div class=\"elementor-element elementor-element-7048daa elementor-widget elementor-widget-text-editor\" data-id=\"7048daa\" data-element_type=\"widget\" data-e-type=\"widget\" data-widget_type=\"text-editor.default\">\n\t\t\t\t<div class=\"elementor-widget-container\">\n\t\t\t\t\t\t\t\t\t<p><span style=\"font-size: 10.6667px;\">20 DE ENERO DEL 2023<\/span><\/p>\t\t\t\t\t\t\t\t<\/div>\n\t\t\t\t<\/div>\n\t\t\t\t<div class=\"elementor-element elementor-element-c69bc54 elementor-widget elementor-widget-text-editor\" data-id=\"c69bc54\" data-element_type=\"widget\" data-e-type=\"widget\" data-widget_type=\"text-editor.default\">\n\t\t\t\t<div class=\"elementor-widget-container\">\n\t\t\t\t\t\t\t\t\t<h2 class=\"elementor-heading-title elementor-size-small elementor-inline-editing pen\" data-elementor-setting-key=\"title\" data-pen-placeholder=\"Teclea aqu\u00ed...\" style=\"color: var( --e-global-color-primary ); font-size: 15px; font-weight: var( --e-global-typography-primary-font-weight ); font-family: var( --e-global-typography-primary-font-family ), Sans-serif;\"><font color=\"#000000\"><span style=\"font-size: 16px; white-space: normal;\">LE DAMOS UNA CORDIAL BIENVENIDA A NUESTRO NUEVO CLIENTE EPAAA S.A. E.S.P.<\/span><\/font><\/h2>\t\t\t\t\t\t\t\t<\/div>\n\t\t\t\t<\/div>\n\t\t\t\t<div class=\"elementor-element elementor-element-4cb3c3f elementor-widget elementor-widget-image\" data-id=\"4cb3c3f\" data-element_type=\"widget\" data-e-type=\"widget\" data-widget_type=\"image.default\">\n\t\t\t\t<div class=\"elementor-widget-container\">\n\t\t\t\t\t\t\t\t\t\t\t\t\t\t\t<img decoding=\"async\" src=\"https:\/\/jhongomez.com\/wp-content\/uploads\/2023\/01\/WhatsApp-Image-2023-01-26-at-11.55.20-AM.jpeg\" title=\"\" alt=\"\" loading=\"lazy\" \/>\t\t\t\t\t\t\t\t\t\t\t\t\t\t\t<\/div>\n\t\t\t\t<\/div>\n\t\t\t\t<div class=\"elementor-element elementor-element-cf1cfc8 elementor-widget elementor-widget-text-editor\" data-id=\"cf1cfc8\" data-element_type=\"widget\" data-e-type=\"widget\" data-widget_type=\"text-editor.default\">\n\t\t\t\t<div class=\"elementor-widget-container\">\n\t\t\t\t\t\t\t\t\t<p><b>Agradecemos que hicieras un trato con nosotros.<\/b> \u00a1En IPS JHON G\u00d3MEZ damos la <b>bienvenida<\/b> oficial a nuestro nuevo cliente \u00abEmpresa de servicios p\u00fablicos de Pueblorrico, Antioquia\u00bb; Estamos muy contentos de poder ofrecer nuestros servicios de excelente calidad; Gracias por confiar en nosotros! En el 2023 nos encontrar\u00e1s 24\/7 y estaremos ah\u00ed para ti, en las transformaciones y cambios que se avecinan y ya estamos preparados.<\/p>\t\t\t\t\t\t\t\t<\/div>\n\t\t\t\t<\/div>\n\t\t\t\t\t<\/div>\n\t\t<\/div>\n\t\t\t\t\t<\/div>\n\t\t<\/section>\n\t\t\t\t<section class=\"elementor-section elementor-top-section elementor-element elementor-element-70b6479c elementor-section-boxed elementor-section-height-default elementor-section-height-default\" data-id=\"70b6479c\" data-element_type=\"section\" data-e-type=\"section\">\n\t\t\t\t\t\t<div class=\"elementor-container elementor-column-gap-default\">\n\t\t\t\t\t<div class=\"elementor-column elementor-col-100 elementor-top-column elementor-element elementor-element-1e06cc2d\" data-id=\"1e06cc2d\" data-element_type=\"column\" data-e-type=\"column\">\n\t\t\t<div class=\"elementor-widget-wrap elementor-element-populated\">\n\t\t\t\t\t\t<div class=\"elementor-element elementor-element-66c49b8f elementor-widget elementor-widget-text-editor\" data-id=\"66c49b8f\" data-element_type=\"widget\" data-e-type=\"widget\" data-widget_type=\"text-editor.default\">\n\t\t\t\t<div class=\"elementor-widget-container\">\n\t\t\t\t\t\t\t\t\t<p><\/p>\n<p><span style=\"font-size: 8pt;\">16 DE ENERO DEL 2023<\/span><\/p>\n<p><span style=\"color: #000000;\"><strong>BIENVENIDA A NUESTRO EQUIPO<\/strong><\/span><\/p>\n<p><div class=\"wp-block-image is-style-rounded\"><\/p>\n<figure class=\"aligncenter size-medium is-resized\">\n<table style=\"border-collapse: collapse; width: 100%;\">\n<tbody>\n<tr>\n<td style=\"width: 50%;\"><img decoding=\"async\" class=\"wp-image-1516\" src=\"https:\/\/jhongomez.com\/wp-content\/uploads\/2023\/01\/WhatsApp-Image-2023-01-26-at-6.52.39-PM-202x300.jpeg\" alt=\"\" width=\"152\" height=\"225\" data-wp-editing=\"1\"><\/td>\n<td style=\"width: 50%;\">Nos complace dar la <strong>bienvenida<\/strong> a Mar\u00eda Adela Osorio, quien ingres\u00f3 como auxiliar de enfermer\u00eda desde el 16 de enero, nuestra nueva integrante, estar\u00e1 dando apoyo a las empresas del Sur Oeste Antioque\u00f1o, aplicando sus conocimientos en salud y brindando apoyo en Seguridad y Salud en el trabajo.<\/td>\n<\/tr>\n<\/tbody>\n<\/table>\n<\/figure>\n<p><\/div><\/p>\n<p class=\"has-text-align-center\">A <strong>nivel profesional<\/strong>, Mar\u00eda Adela Osorio es t\u00e9cnica auxiliar en enfermer\u00eda egresada de Sena y ha ido ampliando sus conocimientos en Bioseguridad, administraci\u00f3n de inmunobiol\u00f3gicos, y en atenci\u00f3n en urgencias a v\u00edctimas de ataque de agentes qu\u00edmicos, soporte vital b\u00e1sico (RCCP). Y otros.<\/p>\n<p><\/p>\t\t\t\t\t\t\t\t<\/div>\n\t\t\t\t<\/div>\n\t\t\t\t\t<\/div>\n\t\t<\/div>\n\t\t\t\t\t<\/div>\n\t\t<\/section>\n\t\t\t\t<\/div>\n\t\t","protected":false},"excerpt":{"rendered":"<p>20 DE ENERO DEL 2023 LE DAMOS UNA CORDIAL BIENVENIDA A NUESTRO NUEVO CLIENTE EPAAA S.A. E.S.P. Agradecemos que hicieras un trato con nosotros. \u00a1En IPS JHON G\u00d3MEZ damos la bienvenida oficial a nuestro nuevo cliente \u00abEmpresa de servicios p\u00fablicos de Pueblorrico, Antioquia\u00bb; Estamos muy contentos de poder ofrecer nuestros servicios de excelente calidad; Gracias &hellip; <\/p>\n<p class=\"link-more\"><a href=\"https:\/\/jhongomez.com\/index.php\/noticias\/\" class=\"more-link\">Continuar leyendo<span class=\"screen-reader-text\"> \u00abNoticias\u00bb<\/span><\/a><\/p>\n","protected":false},"author":1,"featured_media":0,"parent":0,"menu_order":0,"comment_status":"closed","ping_status":"closed","template":"","meta":{"footnotes":""},"class_list":["post-299","page","type-page","status-publish","hentry"],"_links":{"self":[{"href":"https:\/\/jhongomez.com\/index.php\/wp-json\/wp\/v2\/pages\/299","targetHints":{"allow":["GET"]}}],"collection":[{"href":"https:\/\/jhongomez.com\/index.php\/wp-json\/wp\/v2\/pages"}],"about":[{"href":"https:\/\/jhongomez.com\/index.php\/wp-json\/wp\/v2\/types\/page"}],"author":[{"embeddable":true,"href":"https:\/\/jhongomez.com\/index.php\/wp-json\/wp\/v2\/users\/1"}],"replies":[{"embeddable":true,"href":"https:\/\/jhongomez.com\/index.php\/wp-json\/wp\/v2\/comments?post=299"}],"version-history":[{"count":59,"href":"https:\/\/jhongomez.com\/index.php\/wp-json\/wp\/v2\/pages\/299\/revisions"}],"predecessor-version":[{"id":1716,"href":"https:\/\/jhongomez.com\/index.php\/wp-json\/wp\/v2\/pages\/299\/revisions\/1716"}],"wp:attachment":[{"href":"https:\/\/jhongomez.com\/index.php\/wp-json\/wp\/v2\/media?parent=299"}],"curies":[{"name":"wp","href":"https:\/\/api.w.org\/{rel}","templated":true}]}}