{"id":386,"date":"2022-04-29T19:47:44","date_gmt":"2022-04-29T19:47:44","guid":{"rendered":"https:\/\/jhongomez.com\/?page_id=386"},"modified":"2022-07-07T02:14:44","modified_gmt":"2022-07-07T02:14:44","slug":"ips","status":"publish","type":"page","link":"https:\/\/jhongomez.com\/index.php\/ips\/","title":{"rendered":"IPS"},"content":{"rendered":"\n<h1 class=\"wp-block-heading\"><strong>Servicios Intramurales<\/strong>:<\/h1>\n\n\n\n<ul class=\"wp-block-list\"><li><strong>Medicina laboral y Ocupacional<\/strong>:<ul><li>(Ex\u00e1menes m\u00e9dicos&nbsp;ocupacionales de ingreso, peri\u00f3dicos, retiro;&nbsp;post-incapacidad).<\/li><\/ul><\/li><li><strong>Fonoaudiolog\u00eda:<\/strong><ul><li>Tamizajes, Talleres para conservaci\u00f3n de la voz, audiometr\u00edas.<\/li><\/ul><\/li><li><strong>Psicolog\u00eda ocupacional:<\/strong><ul><li>Aplicaci\u00f3n de bater\u00edas de riesgos psicosociales.<\/li><li>Consulta psicol\u00f3gica ocupacional.<\/li><\/ul><\/li><li><strong>Psicolog\u00eda&nbsp;general:<\/strong><ul><li>Consulta psicol\u00f3gica.<\/li><\/ul><ul><li>Capacitaciones.<\/li><\/ul><\/li><li><strong>Certificados m\u00e9dicos para manipulaci\u00f3n de alimentos.<\/strong><\/li><li><strong>Laboratorio cl\u00ednico especializado.<\/strong><\/li><\/ul>\n\n\n\n<h2 class=\"wp-block-heading\"><strong>Servicios Extramurales:<\/strong>&nbsp;<\/h2>\n\n\n\n<ul class=\"wp-block-list\"><li>Medicina laboral y Ocupacional<\/li><li>Ex\u00e1menes m\u00e9dicos&nbsp;ocupacionales de ingreso, peri\u00f3dicos, retiro;&nbsp;post-incapacidad.<\/li><li>Fonoaudiolog\u00eda.<\/li><li>Psicolog\u00eda ocupacional.<\/li><li>Psicolog\u00eda&nbsp;general.<ul><li>Talleres.<\/li><li>Consulta psicol\u00f3gica.<\/li><li>Capacitaciones.<\/li><\/ul><\/li><li>Seguridad y salud en el trabajo.<\/li><li>Fonoaudiolog\u00eda.<\/li><li>Odontolog\u00eda<\/li><li>Optometr\u00eda<\/li><li>Cursos para manipulaci\u00f3n de alimentos. <\/li><li>Laboratorio cl\u00ednico especializado.<\/li><li>Bater\u00edas de riesgo psicosocial.<\/li><\/ul>\n\n\n\n<p><\/p>\n","protected":false},"excerpt":{"rendered":"<p>Servicios Intramurales: Medicina laboral y Ocupacional: (Ex\u00e1menes m\u00e9dicos&nbsp;ocupacionales de ingreso, peri\u00f3dicos, retiro;&nbsp;post-incapacidad). Fonoaudiolog\u00eda: Tamizajes, Talleres para conservaci\u00f3n de la voz, audiometr\u00edas. Psicolog\u00eda ocupacional: Aplicaci\u00f3n de bater\u00edas de riesgos psicosociales. Consulta psicol\u00f3gica ocupacional. Psicolog\u00eda&nbsp;general: Consulta psicol\u00f3gica. Capacitaciones. Certificados m\u00e9dicos para manipulaci\u00f3n de alimentos. Laboratorio cl\u00ednico especializado. Servicios Extramurales:&nbsp; Medicina laboral y Ocupacional Ex\u00e1menes m\u00e9dicos&nbsp;ocupacionales de ingreso, &hellip; <\/p>\n<p class=\"link-more\"><a href=\"https:\/\/jhongomez.com\/index.php\/ips\/\" class=\"more-link\">Continuar leyendo<span class=\"screen-reader-text\"> \u00abIPS\u00bb<\/span><\/a><\/p>\n","protected":false},"author":1,"featured_media":697,"parent":0,"menu_order":0,"comment_status":"closed","ping_status":"closed","template":"","meta":{"footnotes":""},"class_list":["post-386","page","type-page","status-publish","has-post-thumbnail","hentry"],"_links":{"self":[{"href":"https:\/\/jhongomez.com\/index.php\/wp-json\/wp\/v2\/pages\/386","targetHints":{"allow":["GET"]}}],"collection":[{"href":"https:\/\/jhongomez.com\/index.php\/wp-json\/wp\/v2\/pages"}],"about":[{"href":"https:\/\/jhongomez.com\/index.php\/wp-json\/wp\/v2\/types\/page"}],"author":[{"embeddable":true,"href":"https:\/\/jhongomez.com\/index.php\/wp-json\/wp\/v2\/users\/1"}],"replies":[{"embeddable":true,"href":"https:\/\/jhongomez.com\/index.php\/wp-json\/wp\/v2\/comments?post=386"}],"version-history":[{"count":7,"href":"https:\/\/jhongomez.com\/index.php\/wp-json\/wp\/v2\/pages\/386\/revisions"}],"predecessor-version":[{"id":696,"href":"https:\/\/jhongomez.com\/index.php\/wp-json\/wp\/v2\/pages\/386\/revisions\/696"}],"wp:featuredmedia":[{"embeddable":true,"href":"https:\/\/jhongomez.com\/index.php\/wp-json\/wp\/v2\/media\/697"}],"wp:attachment":[{"href":"https:\/\/jhongomez.com\/index.php\/wp-json\/wp\/v2\/media?parent=386"}],"curies":[{"name":"wp","href":"https:\/\/api.w.org\/{rel}","templated":true}]}}