{"id":398,"date":"2022-04-29T19:56:32","date_gmt":"2022-04-29T19:56:32","guid":{"rendered":"https:\/\/jhongomez.com\/?page_id=398"},"modified":"2022-05-10T00:00:38","modified_gmt":"2022-05-10T00:00:38","slug":"ergonomia","status":"publish","type":"page","link":"https:\/\/jhongomez.com\/index.php\/ergonomia\/","title":{"rendered":"Ergonom\u00eda"},"content":{"rendered":"\n<h1 class=\"wp-block-heading\"><strong>Ergonom\u00eda:<\/strong><\/h1>\n\n\n\n<ul class=\"wp-block-list\"><li>Evaluaciones de puestos de trabajo.<\/li><li>Evaluaciones antropom\u00e9tricas.<\/li><li>Inspeccione de seguridad con \u00e9nfasis en ergonom\u00eda. <\/li><\/ul>\n\n\n\n<p><\/p>\n","protected":false},"excerpt":{"rendered":"<p>Ergonom\u00eda: Evaluaciones de puestos de trabajo. Evaluaciones antropom\u00e9tricas. Inspeccione de seguridad con \u00e9nfasis en ergonom\u00eda.<\/p>\n","protected":false},"author":1,"featured_media":481,"parent":0,"menu_order":0,"comment_status":"closed","ping_status":"closed","template":"","meta":{"footnotes":""},"class_list":["post-398","page","type-page","status-publish","has-post-thumbnail","hentry"],"_links":{"self":[{"href":"https:\/\/jhongomez.com\/index.php\/wp-json\/wp\/v2\/pages\/398","targetHints":{"allow":["GET"]}}],"collection":[{"href":"https:\/\/jhongomez.com\/index.php\/wp-json\/wp\/v2\/pages"}],"about":[{"href":"https:\/\/jhongomez.com\/index.php\/wp-json\/wp\/v2\/types\/page"}],"author":[{"embeddable":true,"href":"https:\/\/jhongomez.com\/index.php\/wp-json\/wp\/v2\/users\/1"}],"replies":[{"embeddable":true,"href":"https:\/\/jhongomez.com\/index.php\/wp-json\/wp\/v2\/comments?post=398"}],"version-history":[{"count":2,"href":"https:\/\/jhongomez.com\/index.php\/wp-json\/wp\/v2\/pages\/398\/revisions"}],"predecessor-version":[{"id":578,"href":"https:\/\/jhongomez.com\/index.php\/wp-json\/wp\/v2\/pages\/398\/revisions\/578"}],"wp:featuredmedia":[{"embeddable":true,"href":"https:\/\/jhongomez.com\/index.php\/wp-json\/wp\/v2\/media\/481"}],"wp:attachment":[{"href":"https:\/\/jhongomez.com\/index.php\/wp-json\/wp\/v2\/media?parent=398"}],"curies":[{"name":"wp","href":"https:\/\/api.w.org\/{rel}","templated":true}]}}