{"id":401,"date":"2022-04-29T19:57:35","date_gmt":"2022-04-29T19:57:35","guid":{"rendered":"https:\/\/jhongomez.com\/?page_id=401"},"modified":"2022-05-10T00:15:04","modified_gmt":"2022-05-10T00:15:04","slug":"seguridad-y-salud","status":"publish","type":"page","link":"https:\/\/jhongomez.com\/index.php\/seguridad-y-salud\/","title":{"rendered":"Seguridad y Salud"},"content":{"rendered":"\n<h1 class=\"wp-block-heading\"><strong>Seguridad y Salud en el Trabajo<\/strong>:<\/h1>\n\n\n\n<ul class=\"wp-block-list\"><li>Dise\u00f1o, implementaci\u00f3n, seguimientos, auditor\u00eda, investigaci\u00f3n de accidentes laborales, entre otros.<\/li><\/ul>\n\n\n\n<ul class=\"wp-block-list\"><li>Inducci\u00f3n y reinducci\u00f3n de seguridad y salud en el trabajo.<\/li><li>Dise\u00f1o y\/o actualizaci\u00f3n y divulgaci\u00f3n de la Pol\u00edticas de Gesti\u00f3n en Seguridad y Salud en el Trabajo.<\/li><li>Dise\u00f1o y\/o actualizaci\u00f3n de los Objetivos en Seguridad y Salud en el Trabajo.<\/li><li>Dise\u00f1o y\/o actualizaci\u00f3n del Sistema de Gesti\u00f3n de la Seguridad y Salud en el Trabajo.<\/li><li>Revisi\u00f3n de los resultados de Indicadores de Gesti\u00f3n en SGSST<\/li><li>Inducci\u00f3n de Seguridad y Salud en el Trabajo a contratistas.<\/li><li>Revisi\u00f3n Sistema de Gesti\u00f3n de la Seguridad y Salud en el Trabajo de los Contratistas y su respectiva certificaci\u00f3n de avance en el sistema por parte de la ARL.<\/li><li>Programaci\u00f3n reuniones COPASST.<\/li><li>Matriz y\/o actualizaci\u00f3n de requisitos legales en Seguridad y Salud en el Trabajo<\/li><li>Revisi\u00f3n del Informe de las condiciones de salud del personal que ingresa para generar plan de acci\u00f3n (Sistemas de Vigilancia Epidemiol\u00f3gica).<\/li><li>Plan de acci\u00f3n resultados informes de ex\u00e1menes m\u00e9dicos ocupacionales.<\/li><li>Desarrollar planes necesarios para la reubicaci\u00f3n del personal por restricci\u00f3n m\u00e9dica de ARL o EPS.<\/li><li>Dise\u00f1o Matriz de Identificaci\u00f3n de Peligros y evaluaci\u00f3n de Riesgos.<\/li><li>An\u00e1lisis de Vulnerabilidad. Actualizaci\u00f3n del Plan Maestro de Emergencia.<\/li><li>Actualizaci\u00f3n Rutas de evacuaci\u00f3n y ubicaci\u00f3n de extintores.<\/li><li>Verificaci\u00f3n Recarga e inspecci\u00f3n de extintores.<\/li><li>Reporte de Accidentes de trabajo.<\/li><li>Investigaci\u00f3n de accidentes de trabajo.<\/li><li>Investigaci\u00f3n de accidentes de trabajo mortales.<\/li><li>Capacitaci\u00f3n y\/o taller en Pausas Activas.<\/li><li>Capacitaci\u00f3n y\/o taller en Uso y porte de Elementos de Protecci\u00f3n Personal.<\/li><\/ul>\n\n\n\n<ul class=\"wp-block-list\"><li><strong>COPASST. Comit\u00e9 Paritario o vig\u00eda de Seguridad y Salud en el Trabajo.<\/strong><ul><li>Elaboraci\u00f3n de plan de trabajo S.G.S.S.T. anual. 2021<\/li><\/ul><ul><li>Socializaci\u00f3n de las etapas del S.G.S.S.T.<\/li><\/ul><ul><li>Reinducci\u00f3n en Capacitaci\u00f3n funciones y responsabilidades.<\/li><\/ul><ul><li>Capacitaci\u00f3n en inspecciones de seguridad.<\/li><\/ul><ul><li>Revisi\u00f3n del Informe de las condiciones de salud del personal que ingresa para generar plan de acci\u00f3n (SVE).<\/li><li>Seguimiento a casos de reubicaci\u00f3n laboral por accidentes de trabajo y enfermedad laboral.<\/li><\/ul><\/li><\/ul>\n\n\n\n<ul class=\"wp-block-list\"><li><strong>Comit\u00e9 de Convivencia Laboral.<\/strong><ul><li>Capacitaci\u00f3n funciones y responsabilidades.<\/li><\/ul><ul><li>Revisi\u00f3n de actas y seguimiento.<\/li><\/ul><ul><li>Procedimiento de quejas y reclamos.<\/li><\/ul><ul><li>Seguimientos a casos de acoso laboral.<\/li><\/ul><ul><li>Descargos.<\/li><\/ul><\/li><\/ul>\n","protected":false},"excerpt":{"rendered":"<p>Seguridad y Salud en el Trabajo: Dise\u00f1o, implementaci\u00f3n, seguimientos, auditor\u00eda, investigaci\u00f3n de accidentes laborales, entre otros. Inducci\u00f3n y reinducci\u00f3n de seguridad y salud en el trabajo. Dise\u00f1o y\/o actualizaci\u00f3n y divulgaci\u00f3n de la Pol\u00edticas de Gesti\u00f3n en Seguridad y Salud en el Trabajo. Dise\u00f1o y\/o actualizaci\u00f3n de los Objetivos en Seguridad y Salud en el &hellip; <\/p>\n<p class=\"link-more\"><a href=\"https:\/\/jhongomez.com\/index.php\/seguridad-y-salud\/\" class=\"more-link\">Continuar leyendo<span class=\"screen-reader-text\"> \u00abSeguridad y Salud\u00bb<\/span><\/a><\/p>\n","protected":false},"author":1,"featured_media":60,"parent":0,"menu_order":0,"comment_status":"closed","ping_status":"closed","template":"","meta":{"footnotes":""},"class_list":["post-401","page","type-page","status-publish","has-post-thumbnail","hentry"],"_links":{"self":[{"href":"https:\/\/jhongomez.com\/index.php\/wp-json\/wp\/v2\/pages\/401","targetHints":{"allow":["GET"]}}],"collection":[{"href":"https:\/\/jhongomez.com\/index.php\/wp-json\/wp\/v2\/pages"}],"about":[{"href":"https:\/\/jhongomez.com\/index.php\/wp-json\/wp\/v2\/types\/page"}],"author":[{"embeddable":true,"href":"https:\/\/jhongomez.com\/index.php\/wp-json\/wp\/v2\/users\/1"}],"replies":[{"embeddable":true,"href":"https:\/\/jhongomez.com\/index.php\/wp-json\/wp\/v2\/comments?post=401"}],"version-history":[{"count":2,"href":"https:\/\/jhongomez.com\/index.php\/wp-json\/wp\/v2\/pages\/401\/revisions"}],"predecessor-version":[{"id":582,"href":"https:\/\/jhongomez.com\/index.php\/wp-json\/wp\/v2\/pages\/401\/revisions\/582"}],"wp:featuredmedia":[{"embeddable":true,"href":"https:\/\/jhongomez.com\/index.php\/wp-json\/wp\/v2\/media\/60"}],"wp:attachment":[{"href":"https:\/\/jhongomez.com\/index.php\/wp-json\/wp\/v2\/media?parent=401"}],"curies":[{"name":"wp","href":"https:\/\/api.w.org\/{rel}","templated":true}]}}