{"id":590,"date":"2022-05-18T19:38:17","date_gmt":"2022-05-18T19:38:17","guid":{"rendered":"https:\/\/jhongomez.com\/?page_id=590"},"modified":"2022-07-14T17:18:44","modified_gmt":"2022-07-14T17:18:44","slug":"pqrs","status":"publish","type":"page","link":"https:\/\/jhongomez.com\/index.php\/pqrs\/","title":{"rendered":"PQRS"},"content":{"rendered":"\n<h2 class=\"wp-block-heading\"><strong>SISTEMA DE PETICIONES, QUEJAS, RECLAMOS, SUGERENCIAS Y FELICITACIONES:<\/strong><\/h2>\n\n\n\n<h2 class=\"wp-block-heading\"><strong>\u00a1Tu opini\u00f3n nos interesa!<\/strong><\/h2>\n\n\n\n<p style=\"text-align: justify;\">Para la <strong>IPS JHON GOMEZ SOLUCIONES INTEGRALES EN SEGURIDAD Y SALUD S.A.S<\/strong>. es muy importante&nbsp; contar con la opini\u00f3n de nuestros clientes y usuarios, en procura del fortalecimiento&nbsp; y calidad de nuestros&nbsp; servicios, la atenci\u00f3n&nbsp; prestada as\u00ed como poder ofrecer soluciones de una manera m\u00e1s \u00e1gil y oportuna; es por ello que disponemos de un sistema mediante el cual toda persona interesada podr\u00e1 formular&nbsp; peticiones, quejas, reclamos,&nbsp; sugerencias &nbsp;y felicitaciones que le permitan&nbsp; acceder a la opci\u00f3n de ayuda m\u00e1s adecuada de acuerdo al requerimiento.<\/p>\n\n\n\n<p style=\"text-align: justify;\">Lo anterior se encuentra fundamentado en el derecho al que tienen todas las personas de presentar PQRSF de acuerdo a la normatividad legal vigente Ley 1755 de 2015 y dem\u00e1s normas concordantes, que las modifiquen, deroguen o sustituyan&nbsp; siempre y cuando se efect\u00faen de manera respetuosa por motivos de inter\u00e9s general o particular y as\u00ed obtener&nbsp; una pronta respuesta y que se presente en el contexto de servicio al cliente.<\/p>\n\n\n\n<p>A continuaci\u00f3n se detallan sus componentes:<\/p>\n\n\n\n<p style=\"text-align: justify;\"><strong>PETICION:<\/strong> Es la facultad que ostenta toda persona para formular solicitudes o requerimientos respetuosas frente a cualquier informaci\u00f3n referente a la prestaci\u00f3n del servicio ya sea por motivos de inter\u00e9s&nbsp; general o particular, la cual encuentra su fundamento constitucional en el Art\u00edculo 23 de la Constituci\u00f3n Nacional.<\/p>\n<p><strong>QUEJA:<\/strong> Expresi\u00f3n o manifestaci\u00f3n de insatisfacci\u00f3n respecto a la prestaci\u00f3n de alguno o varios servicios y que tiene como finalidad obtener una compensaci\u00f3n.<\/p>\n<p style=\"text-align: justify;\"><strong>RECLAMO:<\/strong> Es toda presentaci\u00f3n por escrito que efect\u00fae un cliente o usuario para dar cuenta de una situaci\u00f3n concreta que no ha sido resuelta por la empresa a la que se dirige.<\/p>\n<p><strong>SUGERENCIA<\/strong>: Es el planteamiento o invitaci\u00f3n general que presenta el cliente o usuario para el mejoramiento de los servicios prestados.<\/p>\n<p><strong>FELICITACION<\/strong>: Manifestaci\u00f3n o gratitud por la satisfacci\u00f3n de un servicio recibido.<\/p>\n\n\n\n<div class=\"wpcf7 no-js\" id=\"wpcf7-f612-o1\" lang=\"es-ES\" dir=\"ltr\" data-wpcf7-id=\"612\">\n<div class=\"screen-reader-response\"><p role=\"status\" aria-live=\"polite\" aria-atomic=\"true\"><\/p> <ul><\/ul><\/div>\n<form action=\"\/index.php\/wp-json\/wp\/v2\/pages\/590#wpcf7-f612-o1\" method=\"post\" class=\"wpcf7-form init\" aria-label=\"Formulario de contacto\" novalidate=\"novalidate\" data-status=\"init\">\n<fieldset class=\"hidden-fields-container\"><input type=\"hidden\" name=\"_wpcf7\" value=\"612\" \/><input type=\"hidden\" name=\"_wpcf7_version\" value=\"6.1.5\" \/><input type=\"hidden\" name=\"_wpcf7_locale\" value=\"es_ES\" \/><input type=\"hidden\" name=\"_wpcf7_unit_tag\" value=\"wpcf7-f612-o1\" \/><input type=\"hidden\" name=\"_wpcf7_container_post\" value=\"0\" \/><input type=\"hidden\" name=\"_wpcf7_posted_data_hash\" value=\"\" \/><input type=\"hidden\" name=\"_wpcf7cf_hidden_group_fields\" value=\"[]\" \/><input type=\"hidden\" name=\"_wpcf7cf_hidden_groups\" value=\"[]\" \/><input type=\"hidden\" name=\"_wpcf7cf_visible_groups\" value=\"[]\" \/><input type=\"hidden\" name=\"_wpcf7cf_repeaters\" value=\"[]\" \/><input type=\"hidden\" name=\"_wpcf7cf_steps\" value=\"{}\" \/><input type=\"hidden\" name=\"_wpcf7cf_options\" value=\"{&quot;form_id&quot;:612,&quot;conditions&quot;:[],&quot;settings&quot;:{&quot;animation&quot;:&quot;yes&quot;,&quot;animation_intime&quot;:200,&quot;animation_outtime&quot;:200,&quot;conditions_ui&quot;:&quot;normal&quot;,&quot;notice_dismissed&quot;:false}}\" \/>\n<\/fieldset>\n<p><label> Nombres (obligatorio)<br \/>\n<span class=\"wpcf7-form-control-wrap\" data-name=\"your-name\"><input size=\"40\" maxlength=\"400\" class=\"wpcf7-form-control wpcf7-text wpcf7-validates-as-required\" aria-required=\"true\" aria-invalid=\"false\" value=\"\" type=\"text\" name=\"your-name\" \/><\/span> <\/label>\n<\/p>\n<p><label> Apellidos (obligatorio)<br \/>\n<span class=\"wpcf7-form-control-wrap\" data-name=\"yours-last-name\"><input size=\"40\" maxlength=\"400\" class=\"wpcf7-form-control wpcf7-text wpcf7-validates-as-required\" aria-required=\"true\" aria-invalid=\"false\" value=\"\" type=\"text\" name=\"yours-last-name\" \/><\/span> <\/label>\n<\/p>\n<p><label> N\u00famero de c\u00e9dula (obligatorio)<br \/>\n<span class=\"wpcf7-form-control-wrap\" data-name=\"ID-number\"><input size=\"40\" maxlength=\"400\" class=\"wpcf7-form-control wpcf7-text wpcf7-validates-as-required\" aria-required=\"true\" aria-invalid=\"false\" value=\"\" type=\"text\" name=\"ID-number\" \/><\/span> <\/label>\n<\/p>\n<p><label> Tu correo electr\u00f3nico (obligatorio)<br \/>\n<span class=\"wpcf7-form-control-wrap\" data-name=\"your-email\"><input size=\"40\" maxlength=\"400\" class=\"wpcf7-form-control wpcf7-email wpcf7-validates-as-required wpcf7-text wpcf7-validates-as-email\" aria-required=\"true\" aria-invalid=\"false\" value=\"\" type=\"email\" name=\"your-email\" \/><\/span> <\/label>\n<\/p>\n<p><label> Asunto (obligatorio)<br \/>\n<span class=\"wpcf7-form-control-wrap\" data-name=\"your-subject\"><input size=\"40\" maxlength=\"400\" class=\"wpcf7-form-control wpcf7-text wpcf7-validates-as-required\" aria-required=\"true\" aria-invalid=\"false\" value=\"\" type=\"text\" name=\"your-subject\" \/><\/span> <\/label>\n<\/p>\n<p><label> PQRS (obligatorio)<br \/>\n<span class=\"wpcf7-form-control-wrap\" data-name=\"PQRS\"><textarea cols=\"40\" rows=\"10\" maxlength=\"2000\" class=\"wpcf7-form-control wpcf7-textarea\" aria-invalid=\"false\" name=\"PQRS\"><\/textarea><\/span> <\/label>\n<\/p>\n<p><input class=\"wpcf7-form-control wpcf7-submit has-spinner\" type=\"submit\" value=\"Enviar\" \/>\n<\/p><p style=\"display: none !important;\" class=\"akismet-fields-container\" data-prefix=\"_wpcf7_ak_\"><label>&#916;<textarea name=\"_wpcf7_ak_hp_textarea\" cols=\"45\" rows=\"8\" maxlength=\"100\"><\/textarea><\/label><input type=\"hidden\" id=\"ak_js_1\" name=\"_wpcf7_ak_js\" value=\"64\"\/><script>document.getElementById( \"ak_js_1\" ).setAttribute( \"value\", ( new Date() ).getTime() );<\/script><\/p><div class=\"wpcf7-response-output\" aria-hidden=\"true\"><\/div>\n<\/form>\n<\/div>\n\n\n\n\n<h2 class=\"wp-block-heading\"><strong>TR\u00c1MITE Y RESPUESTA<\/strong><\/h2>\n\n\n\n<p style=\"text-align: justify;\">Una vez radicada la PQRSF, le informaremos la constancia de la presentaci\u00f3n de la misma a trav\u00e9s del mismo medio de atenci\u00f3n por el cual fue presentada; se le proporcionar\u00e1 un C\u00f3digo \u00fanico num\u00e9rico o radicado &nbsp;PQRSF, con el cual podr\u00e1 hacer seguimiento a su requerimiento durante el tr\u00e1mite de la misma. Daremos respuesta a la PQRSF (petici\u00f3n, queja, reclamo, sugerencia o felicitaci\u00f3n) dentro de m\u00e1ximo de 15 d\u00edas h\u00e1biles siguientes a su presentaci\u00f3n, a trav\u00e9s del mismo medio de atenci\u00f3n por el cual fue presentada, a menos que el cliente o usuario Indique que quiere recibirla por otro medio distinto. En caso de que para dar respuesta a su PQRSF se requiera practicar pruebas o se encuentre incompleta, le comunicaremos esta situaci\u00f3n, argumentando las razones por las cuales se requieren practicar o adicionar cierta informaci\u00f3n para adoptar una decisi\u00f3n de fondo, caso en el cual el plazo para responder puede tomar 10 d\u00edas h\u00e1biles siguientes a la fecha de radicaci\u00f3n en virtud del principio de eficacia.<\/p>\n\n\n\n<p style=\"text-align: justify;\">A partir del d\u00eda siguiente en que el interesado aporte los documentos o informes requeridos, se reactivar\u00e1 el t\u00e9rmino para resolver la petici\u00f3n.<\/p>\n<p style=\"text-align: justify;\">Se entender\u00e1 que el peticionario ha desistido de su solicitud o de la actuaci\u00f3n cuando no satisfaga el requerimiento, salvo que antes de vencer el plazo concedido solicite pr\u00f3rroga hasta por un t\u00e9rmino igual. Lo anterior de conformidad con el art\u00edculo 17 de la Ley 1755 de 2015.<\/p>\n<p>La decisi\u00f3n referente &nbsp;a su &nbsp;PQRSF, le ser\u00e1 notificada por tel\u00e9fono y correo electr\u00f3nico.<\/p>\n\n\n\n<p><strong>RECURSO DE APELACI\u00d3N<\/strong><\/p>\n\n\n\n<p>Manifestaci\u00f3n \u00a0de inconformidad del usuario o cliente \u00a0respecto de la decisi\u00f3n de su PQRS, cuya finalidad es llegar a \u00a0revocar o modificar las decisiones tomadas durante el\u00a0 tr\u00e1mite.<\/p>\n<p>El cliente debe notificar el desacuerdo con la decisi\u00f3n de una PQRS por medio de los siguientes canales de comunicaci\u00f3n:<\/p>\n<p style=\"text-align: justify;\">Correos electr\u00f3nicos de servicio al cliente: comercial.ipsjhongomez@gmail.com\u00a0 gestionhumanajhongomezsst@gmail.com<\/p>\n<p>Tel\u00e9fonos\u00a0 \u00a06044732682, celulares 3104500775\u00a0 y 3108360523 de lunes a viernes de 8:00 a.m. a 5:30\u00a0 p.m. y s\u00e1bados de 8:00 a.m. a 1:00 p.m.<\/p>\n<p>Direcci\u00f3n: Calle 60 B Sur No.44-100. Centro Empresarial Latitud Sur. Oficina 1114 Sabaneta, Antioquia<\/p>\n<p>Sitio web www.jhongomez.com \u00a0las 24 horas del d\u00eda.<\/p>\n","protected":false},"excerpt":{"rendered":"<p>SISTEMA DE PETICIONES, QUEJAS, RECLAMOS, SUGERENCIAS Y FELICITACIONES: \u00a1Tu opini\u00f3n nos interesa! Para la IPS JHON GOMEZ SOLUCIONES INTEGRALES EN SEGURIDAD Y SALUD S.A.S. es muy importante&nbsp; contar con la opini\u00f3n de nuestros clientes y usuarios, en procura del fortalecimiento&nbsp; y calidad de nuestros&nbsp; servicios, la atenci\u00f3n&nbsp; prestada as\u00ed como poder ofrecer soluciones de una &hellip; <\/p>\n<p class=\"link-more\"><a href=\"https:\/\/jhongomez.com\/index.php\/pqrs\/\" class=\"more-link\">Continuar leyendo<span class=\"screen-reader-text\"> \u00abPQRS\u00bb<\/span><\/a><\/p>\n","protected":false},"author":1,"featured_media":0,"parent":0,"menu_order":0,"comment_status":"closed","ping_status":"closed","template":"","meta":{"footnotes":""},"class_list":["post-590","page","type-page","status-publish","hentry"],"_links":{"self":[{"href":"https:\/\/jhongomez.com\/index.php\/wp-json\/wp\/v2\/pages\/590","targetHints":{"allow":["GET"]}}],"collection":[{"href":"https:\/\/jhongomez.com\/index.php\/wp-json\/wp\/v2\/pages"}],"about":[{"href":"https:\/\/jhongomez.com\/index.php\/wp-json\/wp\/v2\/types\/page"}],"author":[{"embeddable":true,"href":"https:\/\/jhongomez.com\/index.php\/wp-json\/wp\/v2\/users\/1"}],"replies":[{"embeddable":true,"href":"https:\/\/jhongomez.com\/index.php\/wp-json\/wp\/v2\/comments?post=590"}],"version-history":[{"count":5,"href":"https:\/\/jhongomez.com\/index.php\/wp-json\/wp\/v2\/pages\/590\/revisions"}],"predecessor-version":[{"id":625,"href":"https:\/\/jhongomez.com\/index.php\/wp-json\/wp\/v2\/pages\/590\/revisions\/625"}],"wp:attachment":[{"href":"https:\/\/jhongomez.com\/index.php\/wp-json\/wp\/v2\/media?parent=590"}],"curies":[{"name":"wp","href":"https:\/\/api.w.org\/{rel}","templated":true}]}}