{"id":602,"date":"2022-05-18T20:08:05","date_gmt":"2022-05-18T20:08:05","guid":{"rendered":"https:\/\/jhongomez.com\/?page_id=602"},"modified":"2022-05-18T20:22:53","modified_gmt":"2022-05-18T20:22:53","slug":"derechos-y-deberes-del-paciente","status":"publish","type":"page","link":"https:\/\/jhongomez.com\/index.php\/derechos-y-deberes-del-paciente\/","title":{"rendered":"Derechos y Deberes del Paciente"},"content":{"rendered":"\n<h2 class=\"wp-block-heading\"><strong>Derechos de los Pacientes<\/strong><\/h2>\n\n\n\n<ul class=\"wp-block-list\"><li><strong>ELEGIR<\/strong><\/li><li>A la libre decisi\u00f3n de aceptar o rechazar el tratamiento de su enfermedad, luego de recibir asesor\u00eda.<\/li><li>A tener un m\u00e9dico o especialidad tratante, responsable de su atenci\u00f3n.<\/li><li>A solicitar una segunda opini\u00f3n, con profesionales de la instituci\u00f3n.<\/li><li><strong>ESTAR INFORMADO Y PREGUNTAR<\/strong><\/li><li>A recibir de las personas que lo atienden, informaci\u00f3n clara y oportuna sobre su enfermedad, tratamiento y pronostico.<\/li><li>A preguntar sus inquietudes y ser escuchado sobre la atenci\u00f3n.<\/li><li>A conocer el nombre y cargo del personal que lo atiende y los servicios que presta la instituci\u00f3n.<\/li><li>A solicitar informaci\u00f3n sobre normas y funcionamiento de la instituci\u00f3n.<\/li><li><strong>RECIBIR LA MEJOR ATENCION<\/strong><\/li><li>A ser atendido de forma oportuna y puntual, o recibir una explicaci\u00f3n en caso de retraso en la atenci\u00f3n.<\/li><li>A ser tratado con respeto y amabilidad.<\/li><li>A presentar sugerencias y reclamaciones sobre la atenci\u00f3n recibida en la IPS.<\/li><li><strong>LA SEGURIDAD<\/strong><\/li><li>A que se le proporcionen los medios adecuados y disponibles para evitar el da\u00f1o a su integridad f\u00edsica.<\/li><li><strong>PRIVACIDAD Y CONFIDENCIALIDAD<\/strong><\/li><li>A que se respete su intimidad en su atenci\u00f3n.<\/li><li>A mantener la confidencialidad sobre su enfermedad y el contenido de la historia cl\u00ednica, la cual solo podr\u00e1 ser revelada en caso que el paciente lo solicite, o en los casos que establezca la ley.<\/li><\/ul>\n\n\n\n<h2 class=\"wp-block-heading\"><strong>Deberes de los Pacientes<\/strong><\/h2>\n\n\n\n<ul class=\"wp-block-list\"><li>Asistir puntalmente a las citas y procedimientos programados.<strong><\/strong><\/li><li>Tratar con respeto a la persona que lo atiende, a los dem\u00e1s pacientes y sus acompa\u00f1antes.<strong><\/strong><\/li><li>Utilizar correctamente las instalaciones y mantenerlas en buen estado.<strong><\/strong><\/li><li>Aportar la informaci\u00f3n necesaria para su atenci\u00f3n y colaborar en todos los aspectos relacionados con el cuidado y tratamiento de su enfermedad.<strong><\/strong><\/li><li>Cuidar de sus pertenencias, siempre y cuando su condici\u00f3n cl\u00ednica se lo permita.<strong><\/strong><\/li><li>Cumplir las instrucciones sobre las preparaciones para ex\u00e1menes y procedimientos.<strong><\/strong><\/li><li>Evitar comportamientos agresivos contra la persona que lo atiende.<strong><\/strong><\/li><li>&nbsp;A participar en su rehabilitaci\u00f3n integral en caso que esta sea necesaria.<strong><\/strong><\/li><\/ul>\n","protected":false},"excerpt":{"rendered":"<p>Derechos de los Pacientes ELEGIR A la libre decisi\u00f3n de aceptar o rechazar el tratamiento de su enfermedad, luego de recibir asesor\u00eda. A tener un m\u00e9dico o especialidad tratante, responsable de su atenci\u00f3n. A solicitar una segunda opini\u00f3n, con profesionales de la instituci\u00f3n. ESTAR INFORMADO Y PREGUNTAR A recibir de las personas que lo atienden, &hellip; <\/p>\n<p class=\"link-more\"><a href=\"https:\/\/jhongomez.com\/index.php\/derechos-y-deberes-del-paciente\/\" class=\"more-link\">Continuar leyendo<span class=\"screen-reader-text\"> \u00abDerechos y Deberes del Paciente\u00bb<\/span><\/a><\/p>\n","protected":false},"author":1,"featured_media":610,"parent":0,"menu_order":0,"comment_status":"closed","ping_status":"closed","template":"","meta":{"footnotes":""},"class_list":["post-602","page","type-page","status-publish","has-post-thumbnail","hentry"],"_links":{"self":[{"href":"https:\/\/jhongomez.com\/index.php\/wp-json\/wp\/v2\/pages\/602","targetHints":{"allow":["GET"]}}],"collection":[{"href":"https:\/\/jhongomez.com\/index.php\/wp-json\/wp\/v2\/pages"}],"about":[{"href":"https:\/\/jhongomez.com\/index.php\/wp-json\/wp\/v2\/types\/page"}],"author":[{"embeddable":true,"href":"https:\/\/jhongomez.com\/index.php\/wp-json\/wp\/v2\/users\/1"}],"replies":[{"embeddable":true,"href":"https:\/\/jhongomez.com\/index.php\/wp-json\/wp\/v2\/comments?post=602"}],"version-history":[{"count":3,"href":"https:\/\/jhongomez.com\/index.php\/wp-json\/wp\/v2\/pages\/602\/revisions"}],"predecessor-version":[{"id":611,"href":"https:\/\/jhongomez.com\/index.php\/wp-json\/wp\/v2\/pages\/602\/revisions\/611"}],"wp:featuredmedia":[{"embeddable":true,"href":"https:\/\/jhongomez.com\/index.php\/wp-json\/wp\/v2\/media\/610"}],"wp:attachment":[{"href":"https:\/\/jhongomez.com\/index.php\/wp-json\/wp\/v2\/media?parent=602"}],"curies":[{"name":"wp","href":"https:\/\/api.w.org\/{rel}","templated":true}]}}