{"id":677,"date":"2022-07-06T23:54:13","date_gmt":"2022-07-06T23:54:13","guid":{"rendered":"https:\/\/jhongomez.com\/?page_id=677"},"modified":"2022-07-07T01:02:33","modified_gmt":"2022-07-07T01:02:33","slug":"planes-de-emergencias","status":"publish","type":"page","link":"https:\/\/jhongomez.com\/index.php\/planes-de-emergencias\/","title":{"rendered":"Planes de Emergencias"},"content":{"rendered":"\n<p><strong>FASE 1: Plan De Gesti\u00f3n del Riesgo y Desastres Inicial: <\/strong>Formar o Fortalecer a la empresa en el Plan de Emergencias. Si se cuenta o no con brigada de emergencias activa, formada para estos eventos.<\/p>\n\n\n\n<p><strong>FASE 2: Plan De Gesti\u00f3n del Riesgo y Desastres:<\/strong> Partiendo de la documentaci\u00f3n que se recolecte por medio de la visita f\u00edsica se dise\u00f1a el documento madre, el cual queda listo para ser actualizado anualmente (teniendo en cuenta variables de tiempo modo y lugar).<\/p>\n\n\n\n<p>Se dise\u00f1a protocolo general del Plan de Gesti\u00f3n del Riesgo para ser entregado a todos los involucrados que ocupan la infraestructura.<\/p>\n\n\n\n<p><strong>FASE 3: Plan De Gesti\u00f3n del Riesgo y Desastres:<\/strong> Capacitaci\u00f3n y entretenimiento a la Brigada de Emergencias.<\/p>\n\n\n\n<p>Haciendo descripci\u00f3n detallada de las fases obtendr\u00edamos:<\/p>\n\n\n\n<ol class=\"wp-block-list\" type=\"1\"><li>Plan de Emergencias (Documento) con su respectivos Planes Operativos Normalizados PON.<\/li><li>Conformaci\u00f3n Brigada de Emergencias.<\/li><li>Capacitaci\u00f3n en Plan de Emergencias a todo el personal.<\/li><li>Inspecciones de Seguridad a las \u00e1reas comunes.<\/li><li>Capacitaci\u00f3n y Certificaci\u00f3n en Primeros Auxilios B\u00e1sicos.<\/li><li>Capacitaci\u00f3n y Entrenamiento en Evacuaci\u00f3n.<\/li><li>Capacitaci\u00f3n y Entrenamiento en Bomberotecnia. El curso se desarrolla te\u00f3rico 20% y pr\u00e1ctico un 80% para la Brigada de Emergencia tiene una duraci\u00f3n de 5 Horas distribuidas en 1 sesi\u00f3n, con equipos de simulaci\u00f3n de heridas, extintores, entre otros.<\/li><li>Certificaci\u00f3n de los participantes.<\/li><li>Informe detallado con los requerimientos m\u00ednimos para el buen funcionamiento del plan de gesti\u00f3n (rutas de evacuaci\u00f3n, se\u00f1al\u00e9tica, extintores, hidrantes, botiquines, entre otros.<\/li><\/ol>\n","protected":false},"excerpt":{"rendered":"<p>FASE 1: Plan De Gesti\u00f3n del Riesgo y Desastres Inicial: Formar o Fortalecer a la empresa en el Plan de Emergencias. Si se cuenta o no con brigada de emergencias activa, formada para estos eventos. FASE 2: Plan De Gesti\u00f3n del Riesgo y Desastres: Partiendo de la documentaci\u00f3n que se recolecte por medio de la &hellip; <\/p>\n<p class=\"link-more\"><a href=\"https:\/\/jhongomez.com\/index.php\/planes-de-emergencias\/\" class=\"more-link\">Continuar leyendo<span class=\"screen-reader-text\"> \u00abPlanes de Emergencias\u00bb<\/span><\/a><\/p>\n","protected":false},"author":1,"featured_media":702,"parent":0,"menu_order":0,"comment_status":"closed","ping_status":"closed","template":"","meta":{"footnotes":""},"class_list":["post-677","page","type-page","status-publish","has-post-thumbnail","hentry"],"_links":{"self":[{"href":"https:\/\/jhongomez.com\/index.php\/wp-json\/wp\/v2\/pages\/677","targetHints":{"allow":["GET"]}}],"collection":[{"href":"https:\/\/jhongomez.com\/index.php\/wp-json\/wp\/v2\/pages"}],"about":[{"href":"https:\/\/jhongomez.com\/index.php\/wp-json\/wp\/v2\/types\/page"}],"author":[{"embeddable":true,"href":"https:\/\/jhongomez.com\/index.php\/wp-json\/wp\/v2\/users\/1"}],"replies":[{"embeddable":true,"href":"https:\/\/jhongomez.com\/index.php\/wp-json\/wp\/v2\/comments?post=677"}],"version-history":[{"count":2,"href":"https:\/\/jhongomez.com\/index.php\/wp-json\/wp\/v2\/pages\/677\/revisions"}],"predecessor-version":[{"id":682,"href":"https:\/\/jhongomez.com\/index.php\/wp-json\/wp\/v2\/pages\/677\/revisions\/682"}],"wp:featuredmedia":[{"embeddable":true,"href":"https:\/\/jhongomez.com\/index.php\/wp-json\/wp\/v2\/media\/702"}],"wp:attachment":[{"href":"https:\/\/jhongomez.com\/index.php\/wp-json\/wp\/v2\/media?parent=677"}],"curies":[{"name":"wp","href":"https:\/\/api.w.org\/{rel}","templated":true}]}}